{"id":28,"date":"2025-01-07T18:39:36","date_gmt":"2025-01-07T18:39:36","guid":{"rendered":"https:\/\/cp.altusci.com.br\/?page_id=28"},"modified":"2025-01-07T18:50:34","modified_gmt":"2025-01-07T18:50:34","slug":"quem-somos","status":"publish","type":"page","link":"https:\/\/cp.altusci.com.br\/index.php\/quem-somos\/","title":{"rendered":"Quem somos"},"content":{"rendered":"\t\t<div data-elementor-type=\"wp-page\" data-elementor-id=\"28\" class=\"elementor elementor-28\" data-elementor-post-type=\"page\">\n\t\t\t\t<div class=\"elementor-element elementor-element-6bb81a0 e-flex e-con-boxed e-con e-parent\" data-id=\"6bb81a0\" data-element_type=\"container\" data-settings=\"{&quot;shape_divider_top&quot;:&quot;curve-asymmetrical&quot;}\">\n\t\t\t\t\t<div class=\"e-con-inner\">\n\t\t\t\t<div class=\"elementor-shape elementor-shape-top\" data-negative=\"false\">\n\t\t\t<svg xmlns=\"http:\/\/www.w3.org\/2000\/svg\" viewBox=\"0 0 1000 100\" preserveAspectRatio=\"none\">\n\t<path class=\"elementor-shape-fill\" d=\"M0,0c0,0,0,6,0,6.7c0,18,240.2,93.6,615.2,92.6C989.8,98.5,1000,25,1000,6.7c0-0.7,0-6.7,0-6.7H0z\"\/>\n<\/svg>\t\t<\/div>\n\t\t<div class=\"elementor-element elementor-element-e5cebb5 e-con-full e-flex e-con e-child\" data-id=\"e5cebb5\" data-element_type=\"container\">\n\t\t\t\t<div class=\"elementor-element elementor-element-6ff2c3c elementor-widget elementor-widget-text-editor\" data-id=\"6ff2c3c\" data-element_type=\"widget\" data-widget_type=\"text-editor.default\">\n\t\t\t\t<div class=\"elementor-widget-container\">\n\t\t\t\t\t\t\t\t\t<p><span class=\"OYPEnA text-decoration-none text-strikethrough-none\">Ol\u00e1! Eu sou John, fundador da Altustec Inform\u00e1tica, uma empresa com 12 anos de experi\u00eancia especializada em venda e manuten\u00e7\u00e3o de computadores e notebooks. Nosso compromisso \u00e9 proporcionar uma experi\u00eancia excepcional aos clientes, oferecendo produtos e servi\u00e7os de alta qualidade. Com uma equipe altamente qualificada, estamos prontos para oferecer solu\u00e7\u00f5es personalizadas para suas necessidades tecnol\u00f3gicas. Entre em contato conosco hoje mesmo e descubra como podemos simplificar sua vida digital!<\/span><\/p>\t\t\t\t\t\t\t\t<\/div>\n\t\t\t\t<\/div>\n\t\t\t\t<\/div>\n\t\t<div class=\"elementor-element elementor-element-9b6e862 e-con-full e-flex e-con e-child\" data-id=\"9b6e862\" data-element_type=\"container\">\n\t\t\t\t<div class=\"elementor-element elementor-element-6ead933 elementor-widget elementor-widget-image\" data-id=\"6ead933\" data-element_type=\"widget\" data-widget_type=\"image.default\">\n\t\t\t\t<div class=\"elementor-widget-container\">\n\t\t\t\t\t\t\t\t\t\t\t\t\t\t\t<img fetchpriority=\"high\" decoding=\"async\" width=\"300\" height=\"293\" src=\"https:\/\/cp.altusci.com.br\/wp-content\/uploads\/2025\/01\/imagem_2024-03-07_133508668-300x293-1.png\" class=\"attachment-large size-large wp-image-33\" alt=\"\" \/>\t\t\t\t\t\t\t\t\t\t\t\t\t\t\t<\/div>\n\t\t\t\t<\/div>\n\t\t\t\t<\/div>\n\t\t\t\t\t<\/div>\n\t\t\t\t<\/div>\n\t\t\t\t<\/div>\n\t\t","protected":false},"excerpt":{"rendered":"<p>Ol\u00e1! Eu sou John, fundador da Altustec Inform\u00e1tica, uma empresa com 12 anos de experi\u00eancia especializada em venda e manuten\u00e7\u00e3o de computadores e notebooks. Nosso compromisso \u00e9 proporcionar uma experi\u00eancia excepcional aos clientes, oferecendo produtos e servi\u00e7os de alta qualidade. Com uma equipe altamente qualificada, estamos prontos para oferecer solu\u00e7\u00f5es personalizadas para suas necessidades tecnol\u00f3gicas. [&hellip;]<\/p>\n","protected":false},"author":1,"featured_media":0,"parent":0,"menu_order":0,"comment_status":"closed","ping_status":"closed","template":"","meta":{"footnotes":""},"class_list":["post-28","page","type-page","status-publish","hentry"],"_links":{"self":[{"href":"https:\/\/cp.altusci.com.br\/index.php\/wp-json\/wp\/v2\/pages\/28","targetHints":{"allow":["GET"]}}],"collection":[{"href":"https:\/\/cp.altusci.com.br\/index.php\/wp-json\/wp\/v2\/pages"}],"about":[{"href":"https:\/\/cp.altusci.com.br\/index.php\/wp-json\/wp\/v2\/types\/page"}],"author":[{"embeddable":true,"href":"https:\/\/cp.altusci.com.br\/index.php\/wp-json\/wp\/v2\/users\/1"}],"replies":[{"embeddable":true,"href":"https:\/\/cp.altusci.com.br\/index.php\/wp-json\/wp\/v2\/comments?post=28"}],"version-history":[{"count":13,"href":"https:\/\/cp.altusci.com.br\/index.php\/wp-json\/wp\/v2\/pages\/28\/revisions"}],"predecessor-version":[{"id":59,"href":"https:\/\/cp.altusci.com.br\/index.php\/wp-json\/wp\/v2\/pages\/28\/revisions\/59"}],"wp:attachment":[{"href":"https:\/\/cp.altusci.com.br\/index.php\/wp-json\/wp\/v2\/media?parent=28"}],"curies":[{"name":"wp","href":"https:\/\/api.w.org\/{rel}","templated":true}]}}