{"id":12,"date":"2025-01-07T18:31:36","date_gmt":"2025-01-07T18:31:36","guid":{"rendered":"https:\/\/cp.altusci.com.br\/?page_id=12"},"modified":"2025-01-07T18:33:44","modified_gmt":"2025-01-07T18:33:44","slug":"compramos-seu-notebook-usado","status":"publish","type":"page","link":"https:\/\/cp.altusci.com.br\/index.php\/compramos-seu-notebook-usado\/","title":{"rendered":"Compramos seu notebook Usado ou com Defeito"},"content":{"rendered":"\t\t<div data-elementor-type=\"wp-page\" data-elementor-id=\"12\" class=\"elementor elementor-12\" data-elementor-post-type=\"page\">\n\t\t\t\t\t\t<section class=\"elementor-section elementor-top-section elementor-element elementor-element-d58cada elementor-section-full_width elementor-section-height-default elementor-section-height-default\" data-id=\"d58cada\" data-element_type=\"section\" data-settings=\"{&quot;background_background&quot;:&quot;classic&quot;}\">\n\t\t\t\t\t\t\t<div class=\"elementor-background-overlay\"><\/div>\n\t\t\t\t\t\t\t<div class=\"elementor-container elementor-column-gap-default\">\n\t\t\t\t\t<div class=\"elementor-column elementor-col-100 elementor-top-column elementor-element elementor-element-998b7fe\" data-id=\"998b7fe\" data-element_type=\"column\">\n\t\t\t<div class=\"elementor-widget-wrap elementor-element-populated\">\n\t\t\t\t\t\t<div class=\"elementor-element elementor-element-7e0fd66 elementor-widget elementor-widget-text-editor\" data-id=\"7e0fd66\" data-element_type=\"widget\" data-widget_type=\"text-editor.default\">\n\t\t\t\t<div class=\"elementor-widget-container\">\n\t\t\t\t\t\t\t\t\t<h1>CONDI\u00c7\u00d5ES ESPECIAIS PARA EMPRESAS E LOTES<\/h1><p>Compramos equipamentos de pessoas <strong>f\u00edsicas<\/strong> e <strong>Jur\u00eddicas<\/strong>. Caso voc\u00ea possua <strong>mais de 10 equipamentos para venda,<\/strong> agendamos uma visita ao local para conferir o lote.<\/p>\t\t\t\t\t\t\t\t<\/div>\n\t\t\t\t<\/div>\n\t\t\t\t\t<\/div>\n\t\t<\/div>\n\t\t\t\t\t<\/div>\n\t\t<\/section>\n\t\t<div class=\"elementor-element elementor-element-750b2b2 e-flex e-con-boxed e-con e-parent\" data-id=\"750b2b2\" data-element_type=\"container\">\n\t\t\t\t\t<div class=\"e-con-inner\">\n\t\t\t\t<div class=\"elementor-element elementor-element-cd7b9a2 elementor-widget elementor-widget-text-editor\" data-id=\"cd7b9a2\" data-element_type=\"widget\" data-widget_type=\"text-editor.default\">\n\t\t\t\t<div class=\"elementor-widget-container\">\n\t\t\t\t\t\t\t\t\t<h2>Seu\u00a0<a href=\"https:\/\/altusci.com.br\/manutencao-de-notebook\/\"><strong>notebook quebrou<\/strong><\/a>\u00a0e voc\u00ea quer vender?<\/h2><p>Uma solu\u00e7\u00e3o \u00e9 vender para empresas especializadas em recupera\u00e7\u00e3o de equipamentos com defeitos para revenda. N\u00f3s da ALTUSTEC\u00a0<strong>compramos seu notebook com defeito<\/strong>, n\u00e3o importa qual defeito seja, nossos t\u00e9cnicos ir\u00e3o fazer um mapeamento dos problemas no equipamento e oferecer um valor justo, informando os motivos por quais estamos pagando esse valor. <b>DICA: DESCONFIE DE AN\u00daNCIOS\u00a0A QUAL OFERECEM VALORES EXORBITANTES, EMPRESAS QUE COMPRAM EQUIPAMENTOS USADOS E COM DEFEITOS, TENDEM PAGAR UM VALOR JUSTO, POR\u00c9M COMO O INTUITO \u00c9 REVENDER, O VALOR PAGO GERALMENTE CORRESPONDE 30% DO VALOR ORIGINAL DO PRODUTO.<\/b><\/p><figure id=\"attachment_140\" class=\"wp-caption alignnone\" aria-describedby=\"caption-attachment-140\"><figcaption id=\"caption-attachment-140\" class=\"wp-caption-text\">Compramos seu notebook quebrado com pagamento a vista<\/figcaption><\/figure>\t\t\t\t\t\t\t\t<\/div>\n\t\t\t\t<\/div>\n\t\t\t\t\t<\/div>\n\t\t\t\t<\/div>\n\t\t<div class=\"elementor-element elementor-element-aa97859 e-flex e-con-boxed e-con e-parent\" data-id=\"aa97859\" data-element_type=\"container\">\n\t\t\t\t\t<div class=\"e-con-inner\">\n\t\t\t\t<div class=\"elementor-element elementor-element-2ab09d6 elementor-widget elementor-widget-text-editor\" data-id=\"2ab09d6\" data-element_type=\"widget\" data-widget_type=\"text-editor.default\">\n\t\t\t\t<div class=\"elementor-widget-container\">\n\t\t\t\t\t\t\t\t\t<p><img fetchpriority=\"high\" decoding=\"async\" class=\"alignnone wp-image-468 size-full\" src=\"https:\/\/altusci.com.br\/wp-content\/uploads\/2023\/09\/marcas.jpg\" alt=\"\" width=\"1000\" height=\"100\" \/><\/p><p><strong>OBS:<\/strong>\u00a0TODOS NOTEBOOKS COMPRADOS S\u00c3O REGISTRADOS COM RECIBO DE COMPRA E VENDA, E ANEXO DOS DOCUMENTOS, PARA EVITARMOS GOLPES E COMPRAS DE EQUIPAMENTOS FURTADOS.<\/p><p>Entre em contato conosco pelo whatsapp pelo link\u00a0 (<a href=\"http:\/\/bit.ly\/2tU7MRf\">clique no link para ser redirecionado<\/a>)\u00a0 ou ent\u00e3o ligue diretamente para n\u00f3s (11) 98775-6034<\/p><h2><strong>PERGUNTAS FREQUENTES NA COMPRA DE NOTEBOOK USADO E COM DEFEITO<\/strong><\/h2><p><em><strong>Qual valor pago pelo notebook?<br \/>R:\u00a0<\/strong>\u00a0Hoje existem 2 formas de fazermos um levantamento de quanto podemos pagar em seu notebook. Caso voc\u00ea esteja pr\u00f3ximo\u00a0a nossa loja que fica em Guarulhos, poder\u00e1 trazer at\u00e9 nosso pr\u00e9dio, que vamos colocar o notebook na bancada e averiguar os problemas e te passar o valor. Caso n\u00e3o haja a possibilidade de trazer o notebook, pedimos para que nos envie um v\u00eddeo no whatsapp, explicando qual o problema que o notebook possui em sua apar\u00eancia\u00a0e em seu hardware, ap\u00f3s isso passaremos a oferta e os procedimentos para pagamento e envio do produto.<\/em><\/p><p><em><strong>Como \u00e9 feito o pagamento?<br \/>R:\u00a0<\/strong>Para os casos que voc\u00ea consiga trazer o notebook em nosso pr\u00e9dio, compramos seu notebook com pagamento a vista. Caso n\u00e3o haja a possibilidade o pagamento \u00e9 feito mediante um intermediador (Mercado livre) a qual trar\u00e1 mais seguran\u00e7a para n\u00f3s e para voc\u00ea, pois o mercado livre nos oferece sistemas de seguran\u00e7a caso o produto n\u00e3o seja o oferecido e tamb\u00e9m traz facilidade de recebimento para voc\u00ea, podendo transferir facilmente o valor para sua conta.<\/em><\/p><p><strong>Quais documentos s\u00e3o necess\u00e1rios para venda?<br \/>R:\u00a0<\/strong>Caso o produto n\u00e3o possua mais nota fiscal por motivo de extravio, iremos pedir que voc\u00ea preencha algumas informa\u00e7\u00f5es para fazermos um recibo de compra e venda, com seu RG, CPF e endere\u00e7o. Essa \u00e9 a forma de nos precavermos de comprar produtos obtidos de maneira il\u00edcita.<\/p>\t\t\t\t\t\t\t\t<\/div>\n\t\t\t\t<\/div>\n\t\t\t\t\t<\/div>\n\t\t\t\t<\/div>\n\t\t\t\t<\/div>\n\t\t","protected":false},"excerpt":{"rendered":"<p>CONDI\u00c7\u00d5ES ESPECIAIS PARA EMPRESAS E LOTES Compramos equipamentos de pessoas f\u00edsicas e Jur\u00eddicas. Caso voc\u00ea possua mais de 10 equipamentos para venda, agendamos uma visita ao local para conferir o lote. Seu\u00a0notebook quebrou\u00a0e voc\u00ea quer vender? Uma solu\u00e7\u00e3o \u00e9 vender para empresas especializadas em recupera\u00e7\u00e3o de equipamentos com defeitos para revenda. N\u00f3s da ALTUSTEC\u00a0compramos seu [&hellip;]<\/p>\n","protected":false},"author":1,"featured_media":0,"parent":0,"menu_order":0,"comment_status":"closed","ping_status":"closed","template":"","meta":{"footnotes":""},"class_list":["post-12","page","type-page","status-publish","hentry"],"_links":{"self":[{"href":"https:\/\/cp.altusci.com.br\/index.php\/wp-json\/wp\/v2\/pages\/12","targetHints":{"allow":["GET"]}}],"collection":[{"href":"https:\/\/cp.altusci.com.br\/index.php\/wp-json\/wp\/v2\/pages"}],"about":[{"href":"https:\/\/cp.altusci.com.br\/index.php\/wp-json\/wp\/v2\/types\/page"}],"author":[{"embeddable":true,"href":"https:\/\/cp.altusci.com.br\/index.php\/wp-json\/wp\/v2\/users\/1"}],"replies":[{"embeddable":true,"href":"https:\/\/cp.altusci.com.br\/index.php\/wp-json\/wp\/v2\/comments?post=12"}],"version-history":[{"count":4,"href":"https:\/\/cp.altusci.com.br\/index.php\/wp-json\/wp\/v2\/pages\/12\/revisions"}],"predecessor-version":[{"id":17,"href":"https:\/\/cp.altusci.com.br\/index.php\/wp-json\/wp\/v2\/pages\/12\/revisions\/17"}],"wp:attachment":[{"href":"https:\/\/cp.altusci.com.br\/index.php\/wp-json\/wp\/v2\/media?parent=12"}],"curies":[{"name":"wp","href":"https:\/\/api.w.org\/{rel}","templated":true}]}}